{"id":438,"date":"2024-11-28T17:30:20","date_gmt":"2024-11-28T16:30:20","guid":{"rendered":"https:\/\/knopper-kfz.at\/?page_id=438"},"modified":"2025-12-31T11:18:40","modified_gmt":"2025-12-31T10:18:40","slug":"das-ktm-fachgeschaeft-in-graz-umgebung","status":"publish","type":"page","link":"https:\/\/knopper-kfz.at\/?page_id=438","title":{"rendered":"Das 2-Rad-Fachgesch\u00e4ft in der Weststeiermark"},"content":{"rendered":"\n<p>Motoradbekleidung und Zubeh\u00f6r in Graz-Umgebung<br><br>Unser KTM-Fachgesch\u00e4ft KFZ Knopper ist bei Motorrad-Liebhabern in Graz-Umgebung bestens bekannt. Zu unseren Leistungen geh\u00f6ren der Verkauf, Verleih sowie die Reparatur von KTM-Motorr\u00e4dern<br><br>Modernes KTM-Motorrad-Gesch\u00e4ft bei Graz<br><br>G\u00fcnter Knopper, Meister der Kraftfahrzeugmechanik und Kraftfahrzeugelektrik, gr\u00fcndete das Unternehmen im Jahr 1995 mitten in den Weinbergen in der Steiermark, an der Schilcher Weinstra\u00dfe. Seither hat er den Betrieb st\u00e4ndig erweitert:<br>Es folgte der Neubau einer eine Ausstellungshalle f\u00fcr Neumotorr\u00e4der, der Zubau eines Schauraumes f\u00fcr Motorradbekleidung und Zubeh\u00f6r sowie schlie\u00dflich die Renovierung eines Raumes f\u00fcr Gebraucht-Motorr\u00e4der<br><br>Alles rund um KTM:<br>Neue und gebrauchte KTM Motorr\u00e4der, Verkauf &amp;Verleih, Bekleidung &amp; Zubeh\u00f6r, <br><br>Werkst\u00e4tte<br>Das Fachgesch\u00e4ft hat sich auf die Motorradmarke KTM spezialisiert und pr\u00e4sentiert diese mit der gesamten Produktpalette inklusive der dazugeh\u00f6rigen <br>PowerWear<br>Aber auch Trial-Fahrer werden von uns nicht vernachl\u00e4ssigt \u2013 in unserem Sortiment befinden sich ebenso Motorr\u00e4der von Gas Gas und Beta<br><br>KTM-Fachgesch\u00e4ft in Graz-Umgebung<br><br>In der Werkstatt k\u00fcmmert sich G\u00fcnter Knopper alias Knoppi selbst noch jeden Tag mit gro\u00dfer Hingabe um die professionelle Reparatur von KTM Bikes seiner Kunden<br><br>Wenn Du mehr \u00fcber uns erfahren m\u00f6chtest, komm bei uns vorbei<br><br>Wir freuen uns immer \u00fcber Deinen Besuch<br><br>Knoppi und sein Team von KFZ Knopper in Graz-Umgebung<br><\/p>\n","protected":false},"excerpt":{"rendered":"<p>Motoradbekleidung und Zubeh\u00f6r in Graz-Umgebung Unser KTM-Fachgesch\u00e4ft KFZ Knopper ist bei Motorrad-Liebhabern in Graz-Umgebung bestens bekannt. Zu unseren Leistungen geh\u00f6ren der Verkauf, Verleih sowie die Reparatur von KTM-Motorr\u00e4dern Modernes KTM-Motorrad-Gesch\u00e4ft bei Graz G\u00fcnter Knopper, Meister der Kraftfahrzeugmechanik und Kraftfahrzeugelektrik, gr\u00fcndete<\/p>\n","protected":false},"author":1,"featured_media":0,"parent":0,"menu_order":0,"comment_status":"closed","ping_status":"closed","template":"","meta":{"footnotes":""},"class_list":["post-438","page","type-page","status-publish","hentry"],"_links":{"self":[{"href":"https:\/\/knopper-kfz.at\/index.php?rest_route=\/wp\/v2\/pages\/438","targetHints":{"allow":["GET"]}}],"collection":[{"href":"https:\/\/knopper-kfz.at\/index.php?rest_route=\/wp\/v2\/pages"}],"about":[{"href":"https:\/\/knopper-kfz.at\/index.php?rest_route=\/wp\/v2\/types\/page"}],"author":[{"embeddable":true,"href":"https:\/\/knopper-kfz.at\/index.php?rest_route=\/wp\/v2\/users\/1"}],"replies":[{"embeddable":true,"href":"https:\/\/knopper-kfz.at\/index.php?rest_route=%2Fwp%2Fv2%2Fcomments&post=438"}],"version-history":[{"count":2,"href":"https:\/\/knopper-kfz.at\/index.php?rest_route=\/wp\/v2\/pages\/438\/revisions"}],"predecessor-version":[{"id":636,"href":"https:\/\/knopper-kfz.at\/index.php?rest_route=\/wp\/v2\/pages\/438\/revisions\/636"}],"wp:attachment":[{"href":"https:\/\/knopper-kfz.at\/index.php?rest_route=%2Fwp%2Fv2%2Fmedia&parent=438"}],"curies":[{"name":"wp","href":"https:\/\/api.w.org\/{rel}","templated":true}]}}